{"id":428,"date":"2020-01-13T11:17:52","date_gmt":"2020-01-13T11:17:52","guid":{"rendered":"https:\/\/demosites.io\/web-agency-gb\/?page_id=5"},"modified":"2025-11-26T15:36:34","modified_gmt":"2025-11-26T20:36:34","slug":"15c42-web-agency-gb-home","status":"publish","type":"page","link":"https:\/\/carrangayfolclor.com\/inicio\/","title":{"rendered":"Home"},"content":{"rendered":"\t\t<div data-elementor-type=\"wp-page\" data-elementor-id=\"428\" class=\"elementor elementor-428\">\n\t\t\t\t<div class=\"elementor-element elementor-element-bc93595 e-flex e-con-boxed e-con e-parent\" data-id=\"bc93595\" data-element_type=\"container\" data-settings=\"{&quot;background_background&quot;:&quot;classic&quot;}\">\n\t\t\t\t\t<div class=\"e-con-inner\">\n\t\t<div class=\"elementor-element elementor-element-2381215 e-con-full e-flex e-con e-child\" data-id=\"2381215\" data-element_type=\"container\">\n\t\t\t\t<div class=\"elementor-element elementor-element-a8d9509 elementor-invisible elementor-widget elementor-widget-text-editor\" data-id=\"a8d9509\" data-element_type=\"widget\" data-settings=\"{&quot;_animation&quot;:&quot;fadeInRight&quot;}\" data-widget_type=\"text-editor.default\">\n\t\t\t\t\t\t\t\t\t<p style=\"text-align: center;\">Somos los Inolvidables del Norte grupo de m\u00fasica tradicional carrrangera.\u00a0 Ofrecemos m\u00fasica tradicional del folclor Colombianos, nuestro repertorio incluye artistas como los Doctores de la Carrganga, el Maestro Jorge Velosa, Jaime Castro, Son de all\u00e1, los Fiesteros \u00a0de Boyaca, entre otros del amplio repertorio<\/p><p style=\"text-align: center;\">Nuestro Show de m\u00fasica parrandera, incluye interpretaciones de los Alegres de Guavio, los Serranitos, los 50, de Joselito entre otros.<\/p><p style=\"text-align: center;\">En Cundinamarca y Bogot\u00e1 estamos disponibles para sus eventos, familiares, empresariales y culturales.<\/p><p style=\"text-align: center;\">\u00a0pueden agendarnos muy f\u00e1cil.\u00a0\u00a0<\/p><p><img decoding=\"async\" class=\"size-full wp-image-464 aligncenter\" src=\"https:\/\/carrangayfolclor.com\/inicio\/wp-content\/uploads\/2025\/09\/whatsapp1.jpg\" alt=\"\" width=\"50\" height=\"50\" \/><\/p><p style=\"text-align: center;\">312 3593907<\/p>\t\t\t\t\t\t\t\t<\/div>\n\t\t\t\t<\/div>\n\t\t<div class=\"elementor-element elementor-element-208d378 e-con-full e-flex e-con e-child\" data-id=\"208d378\" data-element_type=\"container\">\n\t\t\t\t<div class=\"elementor-element elementor-element-c17092b elementor-invisible elementor-widget elementor-widget-image\" data-id=\"c17092b\" data-element_type=\"widget\" data-settings=\"{&quot;_animation&quot;:&quot;zoomIn&quot;}\" data-widget_type=\"image.default\">\n\t\t\t\t\t\t\t\t\t\t\t\t\t\t\t<img fetchpriority=\"high\" decoding=\"async\" width=\"700\" height=\"721\" src=\"https:\/\/carrangayfolclor.com\/inicio\/wp-content\/uploads\/2025\/11\/Logo2.jpg\" class=\"attachment-medium_large size-medium_large wp-image-710\" alt=\"\" srcset=\"https:\/\/carrangayfolclor.com\/inicio\/wp-content\/uploads\/2025\/11\/Logo2.jpg 700w, https:\/\/carrangayfolclor.com\/inicio\/wp-content\/uploads\/2025\/11\/Logo2-291x300.jpg 291w\" sizes=\"(max-width: 700px) 100vw, 700px\" \/>\t\t\t\t\t\t\t\t\t\t\t\t\t\t\t<\/div>\n\t\t\t\t<\/div>\n\t\t\t\t\t<\/div>\n\t\t\t\t<\/div>\n\t\t<div class=\"elementor-element elementor-element-dc47d29 e-con-full e-flex e-con e-parent\" data-id=\"dc47d29\" data-element_type=\"container\">\n\t\t\t\t<div class=\"elementor-element elementor-element-7b8a9f5 elementor-arrows-position-inside elementor-pagination-position-outside elementor-widget elementor-widget-image-carousel\" data-id=\"7b8a9f5\" data-element_type=\"widget\" data-settings=\"{&quot;slides_to_show&quot;:&quot;1&quot;,&quot;navigation&quot;:&quot;both&quot;,&quot;autoplay&quot;:&quot;yes&quot;,&quot;pause_on_hover&quot;:&quot;yes&quot;,&quot;pause_on_interaction&quot;:&quot;yes&quot;,&quot;autoplay_speed&quot;:5000,&quot;infinite&quot;:&quot;yes&quot;,&quot;effect&quot;:&quot;slide&quot;,&quot;speed&quot;:500}\" data-widget_type=\"image-carousel.default\">\n\t\t\t\t\t\t\t<div class=\"elementor-image-carousel-wrapper swiper\" role=\"region\" aria-roledescription=\"carousel\" aria-label=\"Carrusel de im\u00e1genes\" dir=\"ltr\">\n\t\t\t<div class=\"elementor-image-carousel swiper-wrapper swiper-image-stretch\" aria-live=\"off\">\n\t\t\t\t\t\t\t\t<div class=\"swiper-slide\" role=\"group\" aria-roledescription=\"slide\" aria-label=\"1 de 4\"><figure class=\"swiper-slide-inner\"><img decoding=\"async\" class=\"swiper-slide-image\" src=\"https:\/\/carrangayfolclor.com\/inicio\/wp-content\/uploads\/2025\/11\/LosInolvidablesHome.jpg\" alt=\"LosInolvidablesHome\" \/><\/figure><\/div><div class=\"swiper-slide\" role=\"group\" aria-roledescription=\"slide\" aria-label=\"2 de 4\"><figure class=\"swiper-slide-inner\"><img decoding=\"async\" class=\"swiper-slide-image\" src=\"https:\/\/carrangayfolclor.com\/inicio\/wp-content\/uploads\/2025\/09\/cn_2.jpg\" alt=\"cn_2\" \/><\/figure><\/div><div class=\"swiper-slide\" role=\"group\" aria-roledescription=\"slide\" aria-label=\"3 de 4\"><figure class=\"swiper-slide-inner\"><img decoding=\"async\" class=\"swiper-slide-image\" src=\"https:\/\/carrangayfolclor.com\/inicio\/wp-content\/uploads\/2025\/09\/cn_1b.jpg\" alt=\"cn_1b\" \/><\/figure><\/div><div class=\"swiper-slide\" role=\"group\" aria-roledescription=\"slide\" aria-label=\"4 de 4\"><figure class=\"swiper-slide-inner\"><img decoding=\"async\" class=\"swiper-slide-image\" src=\"https:\/\/carrangayfolclor.com\/inicio\/wp-content\/uploads\/2025\/09\/home_2_img.jpg\" alt=\"home_2_img\" \/><\/figure><\/div>\t\t\t<\/div>\n\t\t\t\t\t\t\t\t\t\t\t\t<div class=\"elementor-swiper-button elementor-swiper-button-prev\" role=\"button\" tabindex=\"0\">\n\t\t\t\t\t\t<svg aria-hidden=\"true\" class=\"e-font-icon-svg e-eicon-chevron-left\" viewBox=\"0 0 1000 1000\" xmlns=\"http:\/\/www.w3.org\/2000\/svg\"><path d=\"M646 125C629 125 613 133 604 142L308 442C296 454 292 471 292 487 292 504 296 521 308 533L604 854C617 867 629 875 646 875 663 875 679 871 692 858 704 846 713 829 713 812 713 796 708 779 692 767L438 487 692 225C700 217 708 204 708 187 708 171 704 154 692 142 675 129 663 125 646 125Z\"><\/path><\/svg>\t\t\t\t\t<\/div>\n\t\t\t\t\t<div class=\"elementor-swiper-button elementor-swiper-button-next\" role=\"button\" tabindex=\"0\">\n\t\t\t\t\t\t<svg aria-hidden=\"true\" class=\"e-font-icon-svg e-eicon-chevron-right\" viewBox=\"0 0 1000 1000\" xmlns=\"http:\/\/www.w3.org\/2000\/svg\"><path d=\"M696 533C708 521 713 504 713 487 713 471 708 454 696 446L400 146C388 133 375 125 354 125 338 125 325 129 313 142 300 154 292 171 292 187 292 204 296 221 308 233L563 492 304 771C292 783 288 800 288 817 288 833 296 850 308 863 321 871 338 875 354 875 371 875 388 867 400 854L696 533Z\"><\/path><\/svg>\t\t\t\t\t<\/div>\n\t\t\t\t\n\t\t\t\t\t\t\t\t\t<div class=\"swiper-pagination\"><\/div>\n\t\t\t\t\t\t\t\t\t<\/div>\n\t\t\t\t\t\t<\/div>\n\t\t\t\t<\/div>\n\t\t<div class=\"elementor-element elementor-element-91287aa e-flex e-con-boxed e-con e-parent\" data-id=\"91287aa\" data-element_type=\"container\">\n\t\t\t\t\t<div class=\"e-con-inner\">\n\t\t<div class=\"elementor-element elementor-element-6d38f5d e-con-full e-flex e-con e-child\" data-id=\"6d38f5d\" data-element_type=\"container\">\n\t\t\t\t<div class=\"elementor-element elementor-element-fbd3cc5 elementor-widget elementor-widget-image\" data-id=\"fbd3cc5\" data-element_type=\"widget\" data-widget_type=\"image.default\">\n\t\t\t\t\t\t\t\t\t\t\t\t\t\t\t<img decoding=\"async\" width=\"447\" height=\"500\" src=\"https:\/\/carrangayfolclor.com\/inicio\/wp-content\/uploads\/2025\/09\/LosInnolvidablesHome.jpg\" class=\"attachment-full size-full wp-image-666\" alt=\"\" srcset=\"https:\/\/carrangayfolclor.com\/inicio\/wp-content\/uploads\/2025\/09\/LosInnolvidablesHome.jpg 447w, https:\/\/carrangayfolclor.com\/inicio\/wp-content\/uploads\/2025\/09\/LosInnolvidablesHome-268x300.jpg 268w\" sizes=\"(max-width: 447px) 100vw, 447px\" \/>\t\t\t\t\t\t\t\t\t\t\t\t\t\t\t<\/div>\n\t\t\t\t<\/div>\n\t\t<div class=\"elementor-element elementor-element-d872524 e-con-full e-flex e-con e-child\" data-id=\"d872524\" data-element_type=\"container\">\n\t\t\t\t<div class=\"elementor-element elementor-element-a0952e1 elementor-widget elementor-widget-text-editor\" data-id=\"a0952e1\" data-element_type=\"widget\" data-widget_type=\"text-editor.default\">\n\t\t\t\t\t\t\t\t\t<h2 style=\"text-align: center;\"><span style=\"color: #ffff00;\"><strong>Carranga y Folclor<\/strong><\/span><\/h2><p style=\"text-align: center;\"><span style=\"color: #ffffff;\"><strong>La m\u00fasica y el folclor colombiano son mucho m\u00e1s que ritmos y melod\u00edas; son el alma de una naci\u00f3n. S\u00f3mos artistas con talento demostrado en la Carranga, la m\u00fasica parrandera.\u00a0 Apoyamos artistas Colombianos. cada g\u00e9nero musical es un espejo que refleja la riqueza de las regiones y la diversidad de su gente.<\/strong><\/span><\/p><p style=\"text-align: center;\"><span style=\"color: #ffffff;\"><strong>La pasi\u00f3n por esta m\u00fasica es una fuerza que nos conecta con nuestras ra\u00edces. Es un sentimiento que se experimenta en las fiestas de pueblo, donde las guitarras, gaitas y los acordeones son los protagonistas de la celebraci\u00f3n. Es la emoci\u00f3n que nos hace vibrar al escuchar el potente sonido de una\u00a0 y nos invita a bailar al ritmo de cada tema.<\/strong><\/span><\/p>\t\t\t\t\t\t\t\t<\/div>\n\t\t\t\t<\/div>\n\t\t\t\t\t<\/div>\n\t\t\t\t<\/div>\n\t\t<div class=\"elementor-element elementor-element-556fff0 e-grid e-con-full e-con e-parent\" data-id=\"556fff0\" data-element_type=\"container\">\n\t\t\t\t<div class=\"elementor-element elementor-element-9d7a207 elementor-widget elementor-widget-video\" data-id=\"9d7a207\" data-element_type=\"widget\" data-settings=\"{&quot;youtube_url&quot;:&quot;https:\\\/\\\/www.youtube.com\\\/watch?v=lFE0__KgrmQ&quot;,&quot;video_type&quot;:&quot;youtube&quot;,&quot;controls&quot;:&quot;yes&quot;}\" data-widget_type=\"video.default\">\n\t\t\t\t\t\t\t<div class=\"elementor-wrapper elementor-open-inline\">\n\t\t\t<div class=\"elementor-video\"><\/div>\t\t<\/div>\n\t\t\t\t\t\t<\/div>\n\t\t\t\t<div class=\"elementor-element elementor-element-c4f2346 elementor-widget elementor-widget-video\" data-id=\"c4f2346\" data-element_type=\"widget\" data-settings=\"{&quot;youtube_url&quot;:&quot;https:\\\/\\\/www.youtube.com\\\/watch?v=IilTaWd1_Lw&quot;,&quot;video_type&quot;:&quot;youtube&quot;,&quot;controls&quot;:&quot;yes&quot;}\" data-widget_type=\"video.default\">\n\t\t\t\t\t\t\t<div class=\"elementor-wrapper elementor-open-inline\">\n\t\t\t<div class=\"elementor-video\"><\/div>\t\t<\/div>\n\t\t\t\t\t\t<\/div>\n\t\t\t\t<div class=\"elementor-element elementor-element-7f66ac0 elementor-widget elementor-widget-video\" data-id=\"7f66ac0\" data-element_type=\"widget\" data-settings=\"{&quot;youtube_url&quot;:&quot;https:\\\/\\\/www.youtube.com\\\/watch?v=umcr2NmyC2M&quot;,&quot;video_type&quot;:&quot;youtube&quot;,&quot;controls&quot;:&quot;yes&quot;}\" data-widget_type=\"video.default\">\n\t\t\t\t\t\t\t<div class=\"elementor-wrapper elementor-open-inline\">\n\t\t\t<div class=\"elementor-video\"><\/div>\t\t<\/div>\n\t\t\t\t\t\t<\/div>\n\t\t\t\t<\/div>\n\t\t<div class=\"elementor-element elementor-element-42cf263 e-grid e-con-full e-con e-parent\" data-id=\"42cf263\" data-element_type=\"container\">\n\t\t\t\t<\/div>\n\t\t\t\t<\/div>\n\t\t","protected":false},"excerpt":{"rendered":"<p>Somos los Inolvidables del Norte grupo de m\u00fasica tradicional carrrangera.\u00a0 Ofrecemos m\u00fasica tradicional del folclor Colombianos, nuestro repertorio incluye artistas como los Doctores de la Carrganga, el Maestro Jorge Velosa, Jaime Castro, Son de all\u00e1, los Fiesteros \u00a0de Boyaca, entre otros del amplio repertorio Nuestro Show de m\u00fasica parrandera, incluye interpretaciones de los Alegres de&hellip;&nbsp;<a href=\"https:\/\/carrangayfolclor.com\/inicio\/\" rel=\"bookmark\"><span class=\"screen-reader-text\">Home<\/span><\/a><\/p>\n","protected":false},"author":1,"featured_media":0,"parent":0,"menu_order":0,"comment_status":"closed","ping_status":"closed","template":"page-templates\/template-pagebuilder-full-width.php","meta":{"neve_meta_sidebar":"default","neve_meta_container":"default","neve_meta_enable_content_width":"on","neve_meta_content_width":100,"neve_meta_title_alignment":"","neve_meta_author_avatar":"","neve_post_elements_order":"","neve_meta_disable_header":"","neve_meta_disable_footer":"","neve_meta_disable_title":"on","neve_meta_reading_time":"","_themeisle_gutenberg_block_has_review":false,"footnotes":""},"class_list":["post-428","page","type-page","status-publish","hentry"],"_links":{"self":[{"href":"https:\/\/carrangayfolclor.com\/inicio\/wp-json\/wp\/v2\/pages\/428","targetHints":{"allow":["GET"]}}],"collection":[{"href":"https:\/\/carrangayfolclor.com\/inicio\/wp-json\/wp\/v2\/pages"}],"about":[{"href":"https:\/\/carrangayfolclor.com\/inicio\/wp-json\/wp\/v2\/types\/page"}],"author":[{"embeddable":true,"href":"https:\/\/carrangayfolclor.com\/inicio\/wp-json\/wp\/v2\/users\/1"}],"replies":[{"embeddable":true,"href":"https:\/\/carrangayfolclor.com\/inicio\/wp-json\/wp\/v2\/comments?post=428"}],"version-history":[{"count":132,"href":"https:\/\/carrangayfolclor.com\/inicio\/wp-json\/wp\/v2\/pages\/428\/revisions"}],"predecessor-version":[{"id":713,"href":"https:\/\/carrangayfolclor.com\/inicio\/wp-json\/wp\/v2\/pages\/428\/revisions\/713"}],"wp:attachment":[{"href":"https:\/\/carrangayfolclor.com\/inicio\/wp-json\/wp\/v2\/media?parent=428"}],"curies":[{"name":"wp","href":"https:\/\/api.w.org\/{rel}","templated":true}]}}