{"id":61,"date":"2020-01-23T18:21:52","date_gmt":"2020-01-23T18:21:52","guid":{"rendered":"https:\/\/demosites.io\/web-agency-gb\/?page_id=61"},"modified":"2025-09-16T17:09:12","modified_gmt":"2025-09-16T22:09:12","slug":"15c42-web-agency-gb-about-us","status":"publish","type":"page","link":"https:\/\/carrangayfolclor.com\/inicio\/15c42-web-agency-gb-about-us\/","title":{"rendered":"About Us"},"content":{"rendered":"\t\t<div data-elementor-type=\"wp-page\" data-elementor-id=\"61\" class=\"elementor elementor-61\">\n\t\t\t\t<div class=\"elementor-element elementor-element-e28d284 e-con-full e-flex e-con e-parent\" data-id=\"e28d284\" data-element_type=\"container\">\n\t\t<div class=\"elementor-element elementor-element-b7a82de e-con-full e-flex e-con e-child\" data-id=\"b7a82de\" data-element_type=\"container\">\n\t\t\t\t<div class=\"elementor-element elementor-element-dca6860 elementor-widget elementor-widget-text-editor\" data-id=\"dca6860\" data-element_type=\"widget\" data-widget_type=\"text-editor.default\">\n\t\t\t\t\t\t\t\t\t<p style=\"text-align: center;\"><strong>\u00bftienes un evento en el que buscas m\u00fasica colombiana con mucho talento?, o \u00bfQuieres dar a conocer tu m\u00fasica colombiana?<\/strong><\/p><p style=\"text-align: justify;\">En M\u00fasica Carranguera y Parrandera estamos listos para darte una mano. Somos un espacio digital dedicado a promover el incre\u00edble talento musical de Colombia. Si eres un artista y buscas una plataforma para compartir tu trabajo, \u00a1has llegado al lugar correcto! Si tienes un evento especial y deseas contratar a m\u00fasicos con experiencia \u00a1has llegado al lugar correcto!<\/p>\t\t\t\t\t\t\t\t<\/div>\n\t\t\t\t<\/div>\n\t\t<div class=\"elementor-element elementor-element-3ddcbcd e-con-full e-flex e-con e-child\" data-id=\"3ddcbcd\" data-element_type=\"container\">\n\t\t\t\t<div class=\"elementor-element elementor-element-69f7f5c elementor-widget elementor-widget-image\" data-id=\"69f7f5c\" data-element_type=\"widget\" data-widget_type=\"image.default\">\n\t\t\t\t\t\t\t\t\t\t\t\t\t\t\t<img fetchpriority=\"high\" decoding=\"async\" width=\"500\" height=\"500\" src=\"https:\/\/carrangayfolclor.com\/inicio\/wp-content\/uploads\/2025\/09\/nosotros.jpg\" class=\"attachment-large size-large wp-image-475\" alt=\"\" srcset=\"https:\/\/carrangayfolclor.com\/inicio\/wp-content\/uploads\/2025\/09\/nosotros.jpg 500w, https:\/\/carrangayfolclor.com\/inicio\/wp-content\/uploads\/2025\/09\/nosotros-300x300.jpg 300w, https:\/\/carrangayfolclor.com\/inicio\/wp-content\/uploads\/2025\/09\/nosotros-150x150.jpg 150w\" sizes=\"(max-width: 500px) 100vw, 500px\" \/>\t\t\t\t\t\t\t\t\t\t\t\t\t\t\t<\/div>\n\t\t\t\t<\/div>\n\t\t\t\t<\/div>\n\t\t<div class=\"elementor-element elementor-element-82f7859 e-flex e-con-boxed e-con e-parent\" data-id=\"82f7859\" data-element_type=\"container\">\n\t\t\t\t\t<div class=\"e-con-inner\">\n\t\t\t\t<div class=\"elementor-element elementor-element-75a4063 elementor-widget elementor-widget-text-editor\" data-id=\"75a4063\" data-element_type=\"widget\" data-widget_type=\"text-editor.default\">\n\t\t\t\t\t\t\t\t\t<p><strong>\u00bfQu\u00e9 te ofrecemos?<\/strong><\/p>\n<p><strong>CARRANGA y FOLCLOR<\/strong> es un emprendimiento colombiano que busca dar a conocer el talento de artistas locales para que en nuestro portal los puedan contactar f\u00e1cilmente. Nuestra experiencia y amor por el Folclor nos han permitido crecer en el sector musical.<\/p>\n<p><strong>Ofrecemos:<\/strong> Un amplio repertorio de famosos artistas y creaciones propias para que sus eventos tengan un ingrediente fundamentalmente alegre y cultural. Siempre nuestros Clientes se divierten y nos solicitan repetir nuestra presentaci\u00f3n.<\/p>\n<p>Dise\u00f1amos un libreto especial para cada evento. Cuando nos contactan, con la informaci\u00f3n que recibimos estructuramos cada evento, para que sea \u00fanico.<\/p>\n<p>\u00a0<\/p>\t\t\t\t\t\t\t\t<\/div>\n\t\t\t\t\t<\/div>\n\t\t\t\t<\/div>\n\t\t\t\t<\/div>\n\t\t","protected":false},"excerpt":{"rendered":"<p>\u00bftienes un evento en el que buscas m\u00fasica colombiana con mucho talento?, o \u00bfQuieres dar a conocer tu m\u00fasica colombiana? En M\u00fasica Carranguera y Parrandera estamos listos para darte una mano. Somos un espacio digital dedicado a promover el incre\u00edble talento musical de Colombia. Si eres un artista y buscas una plataforma para compartir tu&hellip;&nbsp;<a href=\"https:\/\/carrangayfolclor.com\/inicio\/15c42-web-agency-gb-about-us\/\" rel=\"bookmark\"><span class=\"screen-reader-text\">About Us<\/span><\/a><\/p>\n","protected":false},"author":1,"featured_media":0,"parent":0,"menu_order":0,"comment_status":"closed","ping_status":"closed","template":"","meta":{"neve_meta_sidebar":"default","neve_meta_container":"default","neve_meta_enable_content_width":"on","neve_meta_content_width":100,"neve_meta_title_alignment":"","neve_meta_author_avatar":"","neve_post_elements_order":"","neve_meta_disable_header":"","neve_meta_disable_footer":"","neve_meta_disable_title":"on","neve_meta_reading_time":"","_themeisle_gutenberg_block_has_review":false,"footnotes":""},"class_list":["post-61","page","type-page","status-publish","hentry"],"_links":{"self":[{"href":"https:\/\/carrangayfolclor.com\/inicio\/wp-json\/wp\/v2\/pages\/61","targetHints":{"allow":["GET"]}}],"collection":[{"href":"https:\/\/carrangayfolclor.com\/inicio\/wp-json\/wp\/v2\/pages"}],"about":[{"href":"https:\/\/carrangayfolclor.com\/inicio\/wp-json\/wp\/v2\/types\/page"}],"author":[{"embeddable":true,"href":"https:\/\/carrangayfolclor.com\/inicio\/wp-json\/wp\/v2\/users\/1"}],"replies":[{"embeddable":true,"href":"https:\/\/carrangayfolclor.com\/inicio\/wp-json\/wp\/v2\/comments?post=61"}],"version-history":[{"count":18,"href":"https:\/\/carrangayfolclor.com\/inicio\/wp-json\/wp\/v2\/pages\/61\/revisions"}],"predecessor-version":[{"id":593,"href":"https:\/\/carrangayfolclor.com\/inicio\/wp-json\/wp\/v2\/pages\/61\/revisions\/593"}],"wp:attachment":[{"href":"https:\/\/carrangayfolclor.com\/inicio\/wp-json\/wp\/v2\/media?parent=61"}],"curies":[{"name":"wp","href":"https:\/\/api.w.org\/{rel}","templated":true}]}}