{"id":75,"date":"2020-01-27T08:29:32","date_gmt":"2020-01-27T08:29:32","guid":{"rendered":"https:\/\/demosites.io\/web-agency-gb\/?page_id=75"},"modified":"2025-09-11T14:10:14","modified_gmt":"2025-09-11T14:10:14","slug":"15c42-web-agency-gb-contact-us","status":"publish","type":"page","link":"https:\/\/carrangayfolclor.com\/inicio\/15c42-web-agency-gb-contact-us\/","title":{"rendered":"Contact Us"},"content":{"rendered":"\t\t<div data-elementor-type=\"wp-page\" data-elementor-id=\"75\" class=\"elementor elementor-75\">\n\t\t\t\t<div class=\"elementor-element elementor-element-d3f491c e-flex e-con-boxed e-con e-parent\" data-id=\"d3f491c\" data-element_type=\"container\">\n\t\t\t\t\t<div class=\"e-con-inner\">\n\t\t\t\t<div class=\"elementor-element elementor-element-a1a1a2c elementor-widget elementor-widget-text-editor\" data-id=\"a1a1a2c\" data-element_type=\"widget\" data-widget_type=\"text-editor.default\">\n\t\t\t\t\t\t\t\t\t<h3 style=\"text-align: center;\"><strong>Queremos ponernos en contacto contigo.<\/strong><br \/><strong>Env\u00edanos un mensaje o ll\u00e1manos.<\/strong><\/h3>\t\t\t\t\t\t\t\t<\/div>\n\t\t\t\t\t<\/div>\n\t\t\t\t<\/div>\n\t\t<div class=\"elementor-element elementor-element-c77603d e-flex e-con-boxed e-con e-parent\" data-id=\"c77603d\" data-element_type=\"container\">\n\t\t\t\t\t<div class=\"e-con-inner\">\n\t\t<div class=\"elementor-element elementor-element-894e3af e-con-full e-flex e-con e-child\" data-id=\"894e3af\" data-element_type=\"container\">\n\t\t\t\t<div class=\"elementor-element elementor-element-f981000 elementor-widget elementor-widget-image\" data-id=\"f981000\" data-element_type=\"widget\" data-widget_type=\"image.default\">\n\t\t\t\t\t\t\t\t\t\t\t\t\t\t\t<img decoding=\"async\" width=\"63\" height=\"63\" src=\"https:\/\/carrangayfolclor.com\/inicio\/wp-content\/uploads\/2021\/06\/phone-sm.png\" class=\"attachment-large size-large wp-image-304\" alt=\"\" \/>\t\t\t\t\t\t\t\t\t\t\t\t\t\t\t<\/div>\n\t\t\t\t<div class=\"elementor-element elementor-element-24adea9 elementor-widget elementor-widget-text-editor\" data-id=\"24adea9\" data-element_type=\"widget\" data-widget_type=\"text-editor.default\">\n\t\t\t\t\t\t\t\t\t<p style=\"text-align: center;\">3123593907<\/p>\t\t\t\t\t\t\t\t<\/div>\n\t\t\t\t<\/div>\n\t\t<div class=\"elementor-element elementor-element-6b4cbc4 e-con-full e-flex e-con e-child\" data-id=\"6b4cbc4\" data-element_type=\"container\">\n\t\t\t\t<div class=\"elementor-element elementor-element-b86ba57 elementor-widget elementor-widget-image\" data-id=\"b86ba57\" data-element_type=\"widget\" data-widget_type=\"image.default\">\n\t\t\t\t\t\t\t\t\t\t\t\t\t\t\t<img decoding=\"async\" width=\"65\" height=\"65\" src=\"https:\/\/carrangayfolclor.com\/inicio\/wp-content\/uploads\/2021\/06\/email-sm.png\" class=\"attachment-large size-large wp-image-426\" alt=\"\" \/>\t\t\t\t\t\t\t\t\t\t\t\t\t\t\t<\/div>\n\t\t\t\t<div class=\"elementor-element elementor-element-a9a0efa elementor-widget elementor-widget-text-editor\" data-id=\"a9a0efa\" data-element_type=\"widget\" data-widget_type=\"text-editor.default\">\n\t\t\t\t\t\t\t\t\t<p style=\"text-align: center;\">contacto@carrangayfolclor.com<\/p>\t\t\t\t\t\t\t\t<\/div>\n\t\t\t\t<\/div>\n\t\t<div class=\"elementor-element elementor-element-973fc4e e-con-full e-flex e-con e-child\" data-id=\"973fc4e\" data-element_type=\"container\">\n\t\t\t\t<div class=\"elementor-element elementor-element-d8ce947 elementor-widget elementor-widget-image\" data-id=\"d8ce947\" data-element_type=\"widget\" data-widget_type=\"image.default\">\n\t\t\t\t\t\t\t\t\t\t\t\t\t\t\t<img decoding=\"async\" width=\"49\" height=\"65\" src=\"https:\/\/carrangayfolclor.com\/inicio\/wp-content\/uploads\/2021\/06\/location-sm.png\" class=\"attachment-large size-large wp-image-305\" alt=\"\" \/>\t\t\t\t\t\t\t\t\t\t\t\t\t\t\t<\/div>\n\t\t\t\t<div class=\"elementor-element elementor-element-f4cf732 elementor-widget elementor-widget-text-editor\" data-id=\"f4cf732\" data-element_type=\"widget\" data-widget_type=\"text-editor.default\">\n\t\t\t\t\t\t\t\t\t<p style=\"text-align: center;\">Bogot\u00e1 y Cundinamarca<\/p>\t\t\t\t\t\t\t\t<\/div>\n\t\t\t\t<\/div>\n\t\t\t\t\t<\/div>\n\t\t\t\t<\/div>\n\t\t<div class=\"elementor-element elementor-element-0543158 e-flex e-con-boxed e-con e-parent\" data-id=\"0543158\" data-element_type=\"container\">\n\t\t\t\t\t<div class=\"e-con-inner\">\n\t\t\t\t\t<\/div>\n\t\t\t\t<\/div>\n\t\t\t\t<\/div>\n\t\t","protected":false},"excerpt":{"rendered":"<p>Queremos ponernos en contacto contigo.Env\u00edanos un mensaje o ll\u00e1manos. 3123593907 contacto@carrangayfolclor.com Bogot\u00e1 y Cundinamarca<\/p>\n","protected":false},"author":1,"featured_media":0,"parent":0,"menu_order":0,"comment_status":"closed","ping_status":"closed","template":"","meta":{"neve_meta_sidebar":"default","neve_meta_container":"","neve_meta_enable_content_width":"on","neve_meta_content_width":100,"neve_meta_title_alignment":"","neve_meta_author_avatar":"","neve_post_elements_order":"","neve_meta_disable_header":"","neve_meta_disable_footer":"","neve_meta_disable_title":"on","neve_meta_reading_time":"","_themeisle_gutenberg_block_has_review":false,"footnotes":""},"class_list":["post-75","page","type-page","status-publish","hentry"],"_links":{"self":[{"href":"https:\/\/carrangayfolclor.com\/inicio\/wp-json\/wp\/v2\/pages\/75","targetHints":{"allow":["GET"]}}],"collection":[{"href":"https:\/\/carrangayfolclor.com\/inicio\/wp-json\/wp\/v2\/pages"}],"about":[{"href":"https:\/\/carrangayfolclor.com\/inicio\/wp-json\/wp\/v2\/types\/page"}],"author":[{"embeddable":true,"href":"https:\/\/carrangayfolclor.com\/inicio\/wp-json\/wp\/v2\/users\/1"}],"replies":[{"embeddable":true,"href":"https:\/\/carrangayfolclor.com\/inicio\/wp-json\/wp\/v2\/comments?post=75"}],"version-history":[{"count":18,"href":"https:\/\/carrangayfolclor.com\/inicio\/wp-json\/wp\/v2\/pages\/75\/revisions"}],"predecessor-version":[{"id":543,"href":"https:\/\/carrangayfolclor.com\/inicio\/wp-json\/wp\/v2\/pages\/75\/revisions\/543"}],"wp:attachment":[{"href":"https:\/\/carrangayfolclor.com\/inicio\/wp-json\/wp\/v2\/media?parent=75"}],"curies":[{"name":"wp","href":"https:\/\/api.w.org\/{rel}","templated":true}]}}